{"id":15,"date":"2019-10-29T10:41:05","date_gmt":"2019-10-29T10:41:05","guid":{"rendered":"http:\/\/ahnenforschung-krause.de\/?page_id=15"},"modified":"2019-10-29T10:48:32","modified_gmt":"2019-10-29T10:48:32","slug":"dienstleistungen","status":"publish","type":"page","link":"https:\/\/ahnenforschung-krause.de\/?page_id=15","title":{"rendered":"Dienstleistungen"},"content":{"rendered":"\n<p>Ich stehe ganz zu Ihren Diensten! Und bin sicher, dass Sie mit meinen  Leistungen sehr zufrieden sein werden. Vertrauen Sie meiner  langj\u00e4hrigen Kompetenz und meinen hohen Qualit\u00e4tsanspr\u00fcchen.<\/p>\n\n\n\n<p>Ich habe mich auf folgende Dienstleistungen spezialisiert:<\/p>\n\n\n\n<p>Ahnenforschung<\/p>\n\n\n\n<p>ich\n unterst\u00fctze Sie bei der Suche nach ihren Ahnen in Mitteldeutschland, \nden ehemaligen deutschen Ostgebieten, Bessarabien, B\u00f6hmen und M\u00e4hren.<\/p>\n\n\n\n<p>Urkunden<\/p>\n\n\n\n<p>Auf Wunsch beschaffe ich einzelne Personenstandsurkunden oder Kirchenbucheintr\u00e4ge.<\/p>\n\n\n\n<p>Transkription<\/p>\n\n\n\n<p>ich \u00fcbersetze f\u00fcr Sie alte Urkunden, Briefe, Bauunterlagen usw. von der deutschen in die lateinische Schrift.<\/p>\n\n\n\n<p><\/p>\n","protected":false},"excerpt":{"rendered":"<p>Ich stehe ganz zu Ihren Diensten! Und bin sicher, dass Sie mit meinen Leistungen sehr zufrieden sein werden. Vertrauen Sie meiner langj\u00e4hrigen Kompetenz und meinen hohen Qualit\u00e4tsanspr\u00fcchen. Ich habe mich auf folgende Dienstleistungen spezialisiert: Ahnenforschung ich unterst\u00fctze Sie bei der Suche nach ihren Ahnen in Mitteldeutschland, den ehemaligen deutschen Ostgebieten, Bessarabien, B\u00f6hmen und M\u00e4hren. Urkunden &hellip; <\/p>\n<p class=\"link-more\"><a href=\"https:\/\/ahnenforschung-krause.de\/?page_id=15\" class=\"more-link\"><span class=\"screen-reader-text\">\u201eDienstleistungen\u201c <\/span>weiterlesen<\/a><\/p>\n","protected":false},"author":1,"featured_media":0,"parent":0,"menu_order":0,"comment_status":"closed","ping_status":"closed","template":"","meta":{"footnotes":""},"class_list":["post-15","page","type-page","status-publish","hentry"],"_links":{"self":[{"href":"https:\/\/ahnenforschung-krause.de\/index.php?rest_route=\/wp\/v2\/pages\/15"}],"collection":[{"href":"https:\/\/ahnenforschung-krause.de\/index.php?rest_route=\/wp\/v2\/pages"}],"about":[{"href":"https:\/\/ahnenforschung-krause.de\/index.php?rest_route=\/wp\/v2\/types\/page"}],"author":[{"embeddable":true,"href":"https:\/\/ahnenforschung-krause.de\/index.php?rest_route=\/wp\/v2\/users\/1"}],"replies":[{"embeddable":true,"href":"https:\/\/ahnenforschung-krause.de\/index.php?rest_route=%2Fwp%2Fv2%2Fcomments&post=15"}],"version-history":[{"count":4,"href":"https:\/\/ahnenforschung-krause.de\/index.php?rest_route=\/wp\/v2\/pages\/15\/revisions"}],"predecessor-version":[{"id":52,"href":"https:\/\/ahnenforschung-krause.de\/index.php?rest_route=\/wp\/v2\/pages\/15\/revisions\/52"}],"wp:attachment":[{"href":"https:\/\/ahnenforschung-krause.de\/index.php?rest_route=%2Fwp%2Fv2%2Fmedia&parent=15"}],"curies":[{"name":"wp","href":"https:\/\/api.w.org\/{rel}","templated":true}]}}