{"id":16,"date":"2019-10-29T10:41:05","date_gmt":"2019-10-29T10:41:05","guid":{"rendered":"http:\/\/ahnenforschung-krause.de\/?page_id=16"},"modified":"2021-01-05T16:51:51","modified_gmt":"2021-01-05T15:51:51","slug":"presiliste","status":"publish","type":"page","link":"https:\/\/ahnenforschung-krause.de\/?page_id=16","title":{"rendered":"Preisliste"},"content":{"rendered":"\n<h2 class=\"wp-block-heading\"><\/h2>\n\n\n\n<p>Auch ich kann&nbsp; Ihnen meine&nbsp; Dienstleistungen  nicht kostenlos  anbieten &#8211; faire Preise aber sind f\u00fcr mich  selbstverst\u00e4ndlich. <\/p>\n\n\n\n<p>Damit Sie immer wissen, womit Sie rechnen  m\u00fcssen, finden Sie hier die  aktuellen Preise. <\/p>\n\n\n\n<p>Falls Ihnen doch noch  etwas unklar sein sollte, Sie  weitere Fragen haben oder Informationen  ben\u00f6tigen, z\u00f6gern Sie nicht und  kontaktieren Sie mich einfach. Ich  berate Sie gerne.<\/p>\n\n\n\n<p>F\u00fcr meinen Arbeitsaufwand berechne ich Ihnen 40,- \u20ac je Stunde (zzgl. MwSt), f\u00fcr gefahrene Kilometer 35 Cent pro Kilometer.<\/p>\n\n\n\n<p>Hinzu kommen Auslagen f\u00fcr z. .B. Archivgeb\u00fchren oder Urkundenkosten.<\/p>\n\n\n\n<p><\/p>\n","protected":false},"excerpt":{"rendered":"<p>Auch ich kann&nbsp; Ihnen meine&nbsp; Dienstleistungen nicht kostenlos anbieten &#8211; faire Preise aber sind f\u00fcr mich selbstverst\u00e4ndlich. Damit Sie immer wissen, womit Sie rechnen m\u00fcssen, finden Sie hier die aktuellen Preise. Falls Ihnen doch noch etwas unklar sein sollte, Sie weitere Fragen haben oder Informationen ben\u00f6tigen, z\u00f6gern Sie nicht und kontaktieren Sie mich einfach. Ich &hellip; <\/p>\n<p class=\"link-more\"><a href=\"https:\/\/ahnenforschung-krause.de\/?page_id=16\" class=\"more-link\"><span class=\"screen-reader-text\">\u201ePreisliste\u201c <\/span>weiterlesen<\/a><\/p>\n","protected":false},"author":1,"featured_media":0,"parent":0,"menu_order":0,"comment_status":"closed","ping_status":"closed","template":"","meta":{"footnotes":""},"class_list":["post-16","page","type-page","status-publish","hentry"],"_links":{"self":[{"href":"https:\/\/ahnenforschung-krause.de\/index.php?rest_route=\/wp\/v2\/pages\/16"}],"collection":[{"href":"https:\/\/ahnenforschung-krause.de\/index.php?rest_route=\/wp\/v2\/pages"}],"about":[{"href":"https:\/\/ahnenforschung-krause.de\/index.php?rest_route=\/wp\/v2\/types\/page"}],"author":[{"embeddable":true,"href":"https:\/\/ahnenforschung-krause.de\/index.php?rest_route=\/wp\/v2\/users\/1"}],"replies":[{"embeddable":true,"href":"https:\/\/ahnenforschung-krause.de\/index.php?rest_route=%2Fwp%2Fv2%2Fcomments&post=16"}],"version-history":[{"count":2,"href":"https:\/\/ahnenforschung-krause.de\/index.php?rest_route=\/wp\/v2\/pages\/16\/revisions"}],"predecessor-version":[{"id":83,"href":"https:\/\/ahnenforschung-krause.de\/index.php?rest_route=\/wp\/v2\/pages\/16\/revisions\/83"}],"wp:attachment":[{"href":"https:\/\/ahnenforschung-krause.de\/index.php?rest_route=%2Fwp%2Fv2%2Fmedia&parent=16"}],"curies":[{"name":"wp","href":"https:\/\/api.w.org\/{rel}","templated":true}]}}