{"id":18,"date":"2019-10-29T10:41:05","date_gmt":"2019-10-29T10:41:05","guid":{"rendered":"http:\/\/ahnenforschung-krause.de\/?page_id=18"},"modified":"2019-10-29T10:51:50","modified_gmt":"2019-10-29T10:51:50","slug":"kontakt","status":"publish","type":"page","link":"https:\/\/ahnenforschung-krause.de\/?page_id=18","title":{"rendered":"Kontakt"},"content":{"rendered":"\n<p>Damit ich mit Ihnen zusammen die beste L\u00f6sung f\u00fcr Sie finden kann, nehmen Sie doch einfach unverbindlich mit mir Kontakt auf.<\/p>\n\n\n\n<p>Ich bin f\u00fcr Sie per <a href=\"mailto:info@ahnenforschung-krause.de\" target=\"_blank\" rel=\"noreferrer noopener\">E-Mail<\/a> oder telefonisch erreichbar: 03643 7736052<\/p>\n\n\n\n<p>Gerne nehme ich mir f\u00fcr Sie Zeit und vereinbare einen pers\u00f6nlichen Beratungstermin.<\/p>\n\n\n\n<p><\/p>\n","protected":false},"excerpt":{"rendered":"<p>Damit ich mit Ihnen zusammen die beste L\u00f6sung f\u00fcr Sie finden kann, nehmen Sie doch einfach unverbindlich mit mir Kontakt auf. Ich bin f\u00fcr Sie per E-Mail oder telefonisch erreichbar: 03643 7736052 Gerne nehme ich mir f\u00fcr Sie Zeit und vereinbare einen pers\u00f6nlichen Beratungstermin.<\/p>\n","protected":false},"author":1,"featured_media":0,"parent":0,"menu_order":0,"comment_status":"closed","ping_status":"closed","template":"","meta":{"footnotes":""},"class_list":["post-18","page","type-page","status-publish","hentry"],"_links":{"self":[{"href":"https:\/\/ahnenforschung-krause.de\/index.php?rest_route=\/wp\/v2\/pages\/18"}],"collection":[{"href":"https:\/\/ahnenforschung-krause.de\/index.php?rest_route=\/wp\/v2\/pages"}],"about":[{"href":"https:\/\/ahnenforschung-krause.de\/index.php?rest_route=\/wp\/v2\/types\/page"}],"author":[{"embeddable":true,"href":"https:\/\/ahnenforschung-krause.de\/index.php?rest_route=\/wp\/v2\/users\/1"}],"replies":[{"embeddable":true,"href":"https:\/\/ahnenforschung-krause.de\/index.php?rest_route=%2Fwp%2Fv2%2Fcomments&post=18"}],"version-history":[{"count":3,"href":"https:\/\/ahnenforschung-krause.de\/index.php?rest_route=\/wp\/v2\/pages\/18\/revisions"}],"predecessor-version":[{"id":59,"href":"https:\/\/ahnenforschung-krause.de\/index.php?rest_route=\/wp\/v2\/pages\/18\/revisions\/59"}],"wp:attachment":[{"href":"https:\/\/ahnenforschung-krause.de\/index.php?rest_route=%2Fwp%2Fv2%2Fmedia&parent=18"}],"curies":[{"name":"wp","href":"https:\/\/api.w.org\/{rel}","templated":true}]}}