{"id":2,"date":"2016-05-10T03:48:21","date_gmt":"2016-05-10T03:48:21","guid":{"rendered":"http:\/\/ahnenforschung-krause.de\/?page_id=2"},"modified":"2019-10-29T10:19:50","modified_gmt":"2019-10-29T10:19:50","slug":"sample-page","status":"publish","type":"page","link":"https:\/\/ahnenforschung-krause.de\/?page_id=2","title":{"rendered":"\u00dcber Mich"},"content":{"rendered":"<p id=\"floatClearer_53896183\">Schon als Kind war ich, Jahrgang 1975, neugierig, warum das Essen bei meinen einen Gro\u00dfeltern anders aussah, als bei den anderen und auch keiner meiner Freunde dies so kannte.<\/p>\n<p>Daraus erwuchs dann als Erwachsener das Interesse, mehr \u00fcber die Geschichte meiner bessarabiendeutschen Vorfahren zu erfahren und mit der Ahnenforschung zu beginnen.<\/p>\n<p>Der andere Teil meiner Verwandtschaft weckte das Interesse an der deutschen Schrift, eine Tante schickte immer Gl\u00fcckwunschkarten in deutscher Handschrift, so war diese f\u00fcr mich stets pr\u00e4sent.<\/p>\n<p>Allerdings sollte es noch ein ganze Weile dauern, bis ich mein Hobby zum Beruf machen konnte. Studienbedingt hat es mich Mitte der 90iger Jahre nach Weimar verschlagen und hier befindet sich immer noch mein Lebensmittelpunkt.<\/p>\n<p>2014 war es dann so weit, seitdem besch\u00e4ftige ich mich hauptberuflich mit der Genealogie und der Erbenermittlung.<\/p>\n\n\n<div class=\"wp-block-image\"><figure class=\"aligncenter is-resized\"><img loading=\"lazy\" decoding=\"async\" src=\"http:\/\/ahnenforschung-krause.de\/wp-content\/uploads\/2019\/10\/Fotografenbild-687x1024.jpg\" alt=\"\" class=\"wp-image-32\" width=\"145\" height=\"216\" srcset=\"https:\/\/ahnenforschung-krause.de\/wp-content\/uploads\/2019\/10\/Fotografenbild-687x1024.jpg 687w, https:\/\/ahnenforschung-krause.de\/wp-content\/uploads\/2019\/10\/Fotografenbild-201x300.jpg 201w, https:\/\/ahnenforschung-krause.de\/wp-content\/uploads\/2019\/10\/Fotografenbild-768x1144.jpg 768w, https:\/\/ahnenforschung-krause.de\/wp-content\/uploads\/2019\/10\/Fotografenbild.jpg 1205w\" sizes=\"(max-width: 145px) 100vw, 145px\" \/><\/figure><\/div>\n","protected":false},"excerpt":{"rendered":"<p>Schon als Kind war ich, Jahrgang 1975, neugierig, warum das Essen bei meinen einen Gro\u00dfeltern anders aussah, als bei den anderen und auch keiner meiner Freunde dies so kannte. Daraus erwuchs dann als Erwachsener das Interesse, mehr \u00fcber die Geschichte meiner bessarabiendeutschen Vorfahren zu erfahren und mit der Ahnenforschung zu beginnen. Der andere Teil meiner &hellip; <\/p>\n<p class=\"link-more\"><a href=\"https:\/\/ahnenforschung-krause.de\/?page_id=2\" class=\"more-link\"><span class=\"screen-reader-text\">\u201e\u00dcber Mich\u201c <\/span>weiterlesen<\/a><\/p>\n","protected":false},"author":1,"featured_media":0,"parent":0,"menu_order":0,"comment_status":"closed","ping_status":"open","template":"","meta":{"footnotes":""},"class_list":["post-2","page","type-page","status-publish","hentry"],"_links":{"self":[{"href":"https:\/\/ahnenforschung-krause.de\/index.php?rest_route=\/wp\/v2\/pages\/2"}],"collection":[{"href":"https:\/\/ahnenforschung-krause.de\/index.php?rest_route=\/wp\/v2\/pages"}],"about":[{"href":"https:\/\/ahnenforschung-krause.de\/index.php?rest_route=\/wp\/v2\/types\/page"}],"author":[{"embeddable":true,"href":"https:\/\/ahnenforschung-krause.de\/index.php?rest_route=\/wp\/v2\/users\/1"}],"replies":[{"embeddable":true,"href":"https:\/\/ahnenforschung-krause.de\/index.php?rest_route=%2Fwp%2Fv2%2Fcomments&post=2"}],"version-history":[{"count":2,"href":"https:\/\/ahnenforschung-krause.de\/index.php?rest_route=\/wp\/v2\/pages\/2\/revisions"}],"predecessor-version":[{"id":53,"href":"https:\/\/ahnenforschung-krause.de\/index.php?rest_route=\/wp\/v2\/pages\/2\/revisions\/53"}],"wp:attachment":[{"href":"https:\/\/ahnenforschung-krause.de\/index.php?rest_route=%2Fwp%2Fv2%2Fmedia&parent=2"}],"curies":[{"name":"wp","href":"https:\/\/api.w.org\/{rel}","templated":true}]}}