{"id":20,"date":"2019-10-29T10:41:05","date_gmt":"2019-10-29T10:41:05","guid":{"rendered":"http:\/\/ahnenforschung-krause.de\/?page_id=20"},"modified":"2019-10-29T10:55:21","modified_gmt":"2019-10-29T10:55:21","slug":"datenschutz","status":"publish","type":"page","link":"https:\/\/ahnenforschung-krause.de\/?page_id=20","title":{"rendered":"Datenschutz"},"content":{"rendered":"\n<p><strong>Datenschutzerkl\u00e4rung<\/strong><\/p>\n\n\n\n<p><strong>Allgemeiner Hinweis und Pflichtinformationen<\/strong><\/p>\n\n\n\n<p><strong>Benennung der verantwortlichen Stelle<\/strong><\/p>\n\n\n\n<p>Die verantwortliche Stelle f\u00fcr die Datenverarbeitung auf dieser Website ist:<\/p>\n\n\n\n<p>Ahnenforschung Krause<br>Matthias Krause<br>Pfeifferstr. 8a<br>99423 Weimar<\/p>\n\n\n\n<p>Die\n verantwortliche Stelle entscheidet allein oder gemeinsam mit  anderen \n\u00fcber die Zwecke und Mittel der Verarbeitung von  personenbezogenen Daten\n (z.B. Namen, Kontaktdaten o. \u00c4.).<\/p>\n\n\n\n<p><strong>Widerruf Ihrer Einwilligung zur Datenverarbeitung<\/strong><\/p>\n\n\n\n<p>Nur\n mit Ihrer ausdr\u00fccklichen Einwilligung sind einige Vorg\u00e4nge der  \nDatenverarbeitung m\u00f6glich. Ein Widerruf Ihrer bereits erteilten  \nEinwilligung ist jederzeit m\u00f6glich. F\u00fcr den Widerruf gen\u00fcgt eine  \nformlose Mitteilung per E-Mail. Die Rechtm\u00e4\u00dfigkeit der bis zum Widerruf \n erfolgten Datenverarbeitung bleibt vom Widerruf unber\u00fchrt.<\/p>\n\n\n\n<p><strong>Recht auf Beschwerde bei der zust\u00e4ndigen Aufsichtsbeh\u00f6rde<\/strong><\/p>\n\n\n\n<p>Als\n Betroffener steht Ihnen im Falle eines datenschutzrechtlichen  \nVersto\u00dfes ein Beschwerderecht bei der zust\u00e4ndigen Aufsichtsbeh\u00f6rde zu.  \nZust\u00e4ndige Aufsichtsbeh\u00f6rde bez\u00fcglich datenschutzrechtlicher Fragen ist \n der Landesdatenschutzbeauftragte des Bundeslandes, in dem sich der Sitz\n  unseres Unternehmens befindet. Der folgende Link stellt eine Liste der\n  Datenschutzbeauftragten sowie deren Kontaktdaten bereit: <a href=\"https:\/\/www.bfdi.bund.de\/DE\/Infothek\/Anschriften_Links\/anschriften_links-node.html\" target=\"_blank\" rel=\"noreferrer noopener\">https:\/\/www.bfdi.bund.de\/DE\/Infothek\/Anschriften_Links\/anschriften_links-node.html<\/a>.<\/p>\n\n\n\n<p><strong>Recht auf Daten\u00fcbertragbarkeit<\/strong><\/p>\n\n\n\n<p>Ihnen\n steht das Recht zu, Daten, die wir auf Grundlage Ihrer  Einwilligung \noder in Erf\u00fcllung eines Vertrags automatisiert verarbeiten,  an sich \noder an Dritte aush\u00e4ndigen zu lassen. Die Bereitstellung  erfolgt in \neinem maschinenlesbaren Format. Sofern Sie die direkte  \u00dcbertragung der \nDaten an einen anderen Verantwortlichen verlangen,  erfolgt dies nur, \nsoweit es technisch machbar ist.<\/p>\n\n\n\n<p><strong>Recht auf Auskunft, Berichtigung, Sperrung, L\u00f6schung<\/strong><\/p>\n\n\n\n<p>Sie\n haben jederzeit im Rahmen der geltenden gesetzlichen Bestimmungen  das \nRecht auf unentgeltliche Auskunft \u00fcber Ihre gespeicherten  \npersonenbezogenen Daten, Herkunft der Daten, deren Empf\u00e4nger und den  \nZweck der Datenverarbeitung und ggf. ein Recht auf Berichtigung,  \nSperrung oder L\u00f6schung dieser Daten. Diesbez\u00fcglich und auch zu weiteren \n Fragen zum Thema personenbezogene Daten k\u00f6nnen Sie sich jederzeit \u00fcber \n die im Impressum aufgef\u00fchrten Kontaktm\u00f6glichkeiten an uns wenden.<\/p>\n\n\n\n<p><strong>SSL- bzw. TLS-Verschl\u00fcsselung<\/strong><\/p>\n\n\n\n<p>Aus\n Sicherheitsgr\u00fcnden und zum Schutz der \u00dcbertragung vertraulicher  \nInhalte, die Sie an uns als Seitenbetreiber senden, nutzt unsere Website\n  eine SSL-bzw. TLS-Verschl\u00fcsselung. Damit sind Daten, die Sie \u00fcber \ndiese  Website \u00fcbermitteln, f\u00fcr Dritte nicht mitlesbar. Sie erkennen \neine  verschl\u00fcsselte Verbindung an der \u201ehttps:\/\/\u201c Adresszeile Ihres \nBrowsers  und am Schloss-Symbol in der Browserzeile.<\/p>\n\n\n\n<p><strong>Cookies<\/strong><\/p>\n\n\n\n<p>Unsere\n Website verwendet Cookies. Das sind kleine Textdateien, die  Ihr \nWebbrowser auf Ihrem Endger\u00e4t speichert. Cookies helfen uns dabei,  \nunser Angebot nutzerfreundlicher, effektiver und sicherer zu machen.<\/p>\n\n\n\n<p>Einige\n Cookies sind \u201cSession-Cookies.\u201d Solche Cookies werden nach  Ende Ihrer \nBrowser-Sitzung von selbst gel\u00f6scht. Hingegen bleiben andere  Cookies \nauf Ihrem Endger\u00e4t bestehen, bis Sie diese selbst l\u00f6schen.  Solche \nCookies helfen uns, Sie bei R\u00fcckkehr auf  unserer Website \nwiederzuerkennen.<\/p>\n\n\n\n<p>Mit einem modernen Webbrowser k\u00f6nnen Sie das \nSetzen von Cookies  \u00fcberwachen, einschr\u00e4nken oder unterbinden. Viele \nWebbrowser lassen sich  so konfigurieren, dass Cookies mit dem Schlie\u00dfen\n des Programms von  selbst gel\u00f6scht werden. Die Deaktivierung von \nCookies  kann eine eingeschr\u00e4nkte Funktionalit\u00e4t unserer Website zur \nFolge  haben.<\/p>\n\n\n\n<p>Das Setzen von Cookies, die zur Aus\u00fcbung \nelektronischer  Kommunikationsvorg\u00e4nge oder der Bereitstellung \nbestimmter, von Ihnen  erw\u00fcnschter Funktionen (z.B. Warenkorb) notwendig\n sind, erfolgt auf  Grundlage von Art. 6 Abs. 1 lit. f DSGVO. Als \nBetreiber dieser  Website haben wir ein berechtigtes Interesse an der \nSpeicherung von  Cookies zur technisch fehlerfreien und reibungslosen \nBereitstellung  unserer Dienste. Sofern die Setzung anderer Cookies \n(z.B. f\u00fcr  Analyse-Funktionen) erfolgt, werden diese in dieser  \nDatenschutzerkl\u00e4rung separat behandelt.<\/p>\n\n\n\n<p><strong>Google Analytics<\/strong><\/p>\n\n\n\n<p>Unsere\n Website verwendet Funktionen des Webanalysedienstes Google  Analytics. \nAnbieter des Webanalysedienstes ist die Google Inc., 1600  Amphitheatre \nParkway, Mountain View, CA 94043, USA.<\/p>\n\n\n\n<p>Google Analytics verwendet\n &#8222;Cookies.&#8220; Das sind kleine Textdateien,  die Ihr Webbrowser auf Ihrem \nEndger\u00e4t speichert und eine Analyse der  Website-Benutzung erm\u00f6glichen. \nMittels Cookie erzeugte Informationen  \u00fcber Ihre Benutzung unserer \nWebsite  werden an einen Server von Google \u00fcbermittelt und dort \ngespeichert.  Server-Standort ist im Regelfall die USA.<\/p>\n\n\n\n<p>Das \nSetzen von Google-Analytics-Cookies erfolgt auf Grundlage von  Art. 6 \nAbs. 1 lit. f DSGVO. Als Betreiber dieser Website haben wir &nbsp;ein  \nberechtigtes Interesse an der Analyse des Nutzerverhaltens, um unser  \nWebangebot und ggf. auch Werbung zu optimieren.<\/p>\n\n\n\n<p>IP-Anonymisierung<\/p>\n\n\n\n<p>Wir\n setzen Google Analytics in Verbindung mit der Funktion  \nIP-Anonymisierung ein. Sie gew\u00e4hrleistet, dass Google Ihre IP-Adresse  \ninnerhalb von Mitgliedstaaten der Europ\u00e4ischen Union oder in anderen  \nVertragsstaaten des Abkommens \u00fcber den Europ\u00e4ischen Wirtschaftsraum  vor\n der \u00dcbermittlung in die USA k\u00fcrzt. Es kann Ausnahmef\u00e4lle geben, in  \ndenen Google die volle IP-Adresse an einen Server in den USA \u00fcbertr\u00e4gt  \nund dort k\u00fcrzt. In unserem Auftrag wird Google diese Informationen  \nbenutzen, um Ihre Nutzung der Website  auszuwerten, um Reports \u00fcber \nWebsiteaktivit\u00e4ten zu erstellen und um  weitere mit der Websitenutzung \nund der Internetnutzung verbundene  Dienstleistungen gegen\u00fcber uns zu \nerbringen. Es findet keine  Zusammenf\u00fchrung der von Google Analytics \n\u00fcbermittelten  IP-Adresse mit anderen Daten von Google statt.<\/p>\n\n\n\n<p>Browser Plugin<\/p>\n\n\n\n<p>Das\n Setzen von Cookies durch Ihren Webbrowser ist verhinderbar.  Einige \nFunktionen unserer Website k\u00f6nnten dadurch jedoch eingeschr\u00e4nkt  werden.\n Ebenso k\u00f6nnen Sie die Erfassung von Daten bez\u00fcglich Ihrer  \nWebsite-Nutzung einschlie\u00dflich Ihrer IP-Adresse mitsamt  anschlie\u00dfender \nVerarbeitung durch Google unterbinden. Dies ist m\u00f6glich,  indem Sie das \n\u00fcber folgenden Link erreichbare Browser-Plugin  herunterladen und \ninstallieren: <a href=\"https:\/\/tools.google.com\/dlpage\/gaoptout?hl=de\">https:\/\/tools.google.com\/dlpage\/gaoptout?hl=de<\/a>.<\/p>\n\n\n\n<p>Widerspruch gegen die Datenerfassung<\/p>\n\n\n\n<p>Sie\n k\u00f6nnen die Erfassung Ihrer Daten durch Google Analytics  verhindern, \nindem Sie auf folgenden Link klicken. Es wird ein  Opt-Out-Cookie \ngesetzt, der die Erfassung Ihrer Daten bei zuk\u00fcnftigen  Besuchen unserer\n Website verhindert: Google Analytics deaktivieren.<\/p>\n\n\n\n<p>Einzelheiten zum Umgang mit Nutzerdaten bei Google Analytics finden Sie in der Datenschutzerkl\u00e4rung von Google: <a href=\"https:\/\/support.google.com\/analytics\/answer\/6004245?hl=de\">https:\/\/support.google.com\/analytics\/answer\/6004245?hl=de<\/a>.<\/p>\n\n\n\n<p>Auftragsverarbeitung<\/p>\n\n\n\n<p>Zur\n vollst\u00e4ndigen Erf\u00fcllung der gesetzlichen Datenschutzvorgaben  haben wir\n mit Google einen Vertrag \u00fcber die Auftragsverarbeitung  abgeschlossen.<\/p>\n\n\n\n<p>Demografische Merkmale bei Google Analytics<\/p>\n\n\n\n<p>Unsere\n Website verwendet die Funktion \u201cdemografische Merkmale\u201d von  Google \nAnalytics. Mit ihr lassen sich Berichte erstellen, die Aussagen  zu \nAlter, Geschlecht und Interessen der Seitenbesucher enthalten. Diese  \nDaten stammen aus interessenbezogener Werbung  von Google sowie aus \nBesucherdaten von Drittanbietern. Eine Zuordnung  der Daten zu einer \nbestimmten Person ist nicht m\u00f6glich. Sie k\u00f6nnen diese  Funktion \njederzeit deaktivieren. Dies ist \u00fcber die  Anzeigeneinstellungen in \nIhrem Google-Konto m\u00f6glich oder  indem Sie die Erfassung Ihrer Daten \ndurch Google Analytics, wie im  Punkt \u201cWiderspruch gegen die \nDatenerfassung\u201d erl\u00e4utert, generell  untersagen.<\/p>\n\n\n\n<p>Quelle: Datenschutz-Konfigurator von <a href=\"http:\/\/www.mein-datenschutzbeauftragter.de\" target=\"_blank\" rel=\"noreferrer noopener\">mein-datenschutzbeauftragter.de<\/a><\/p>\n\n\n\n<p><\/p>\n","protected":false},"excerpt":{"rendered":"<p>Datenschutzerkl\u00e4rung Allgemeiner Hinweis und Pflichtinformationen Benennung der verantwortlichen Stelle Die verantwortliche Stelle f\u00fcr die Datenverarbeitung auf dieser Website ist: Ahnenforschung KrauseMatthias KrausePfeifferstr. 8a99423 Weimar Die verantwortliche Stelle entscheidet allein oder gemeinsam mit anderen \u00fcber die Zwecke und Mittel der Verarbeitung von personenbezogenen Daten (z.B. Namen, Kontaktdaten o. \u00c4.). Widerruf Ihrer Einwilligung zur Datenverarbeitung Nur mit &hellip; <\/p>\n<p class=\"link-more\"><a href=\"https:\/\/ahnenforschung-krause.de\/?page_id=20\" class=\"more-link\"><span class=\"screen-reader-text\">\u201eDatenschutz\u201c <\/span>weiterlesen<\/a><\/p>\n","protected":false},"author":1,"featured_media":0,"parent":0,"menu_order":0,"comment_status":"closed","ping_status":"closed","template":"","meta":{"footnotes":""},"class_list":["post-20","page","type-page","status-publish","hentry"],"_links":{"self":[{"href":"https:\/\/ahnenforschung-krause.de\/index.php?rest_route=\/wp\/v2\/pages\/20"}],"collection":[{"href":"https:\/\/ahnenforschung-krause.de\/index.php?rest_route=\/wp\/v2\/pages"}],"about":[{"href":"https:\/\/ahnenforschung-krause.de\/index.php?rest_route=\/wp\/v2\/types\/page"}],"author":[{"embeddable":true,"href":"https:\/\/ahnenforschung-krause.de\/index.php?rest_route=\/wp\/v2\/users\/1"}],"replies":[{"embeddable":true,"href":"https:\/\/ahnenforschung-krause.de\/index.php?rest_route=%2Fwp%2Fv2%2Fcomments&post=20"}],"version-history":[{"count":3,"href":"https:\/\/ahnenforschung-krause.de\/index.php?rest_route=\/wp\/v2\/pages\/20\/revisions"}],"predecessor-version":[{"id":65,"href":"https:\/\/ahnenforschung-krause.de\/index.php?rest_route=\/wp\/v2\/pages\/20\/revisions\/65"}],"wp:attachment":[{"href":"https:\/\/ahnenforschung-krause.de\/index.php?rest_route=%2Fwp%2Fv2%2Fmedia&parent=20"}],"curies":[{"name":"wp","href":"https:\/\/api.w.org\/{rel}","templated":true}]}}