{"id":21,"date":"2019-10-29T10:41:05","date_gmt":"2019-10-29T10:41:05","guid":{"rendered":"http:\/\/ahnenforschung-krause.de\/?page_id=21"},"modified":"2019-10-29T10:55:37","modified_gmt":"2019-10-29T10:55:37","slug":"links","status":"publish","type":"page","link":"https:\/\/ahnenforschung-krause.de\/?page_id=21","title":{"rendered":"Links"},"content":{"rendered":"\n<p>Ich habe auf dieser Seite interessante Links f\u00fcr Sie  zusammengestellt. So k\u00f6nnen Sie ganz entspannt surfen und sich zum Thema  Ihrer Wahl noch umfassender informieren. <\/p>\n\n\n\n<p>Diese Links aktualisiere ich  st\u00e4ndig, sodass Sie hier immer wieder den einen oder anderen  zus\u00e4tzlichen Hinweis finden. Schauen Sie also einfach \u00f6fter mal vorbei &#8211;  es lohnt sich!<\/p>\n\n\n\n<p>F\u00fcr genealogisch Interessierte empfiehlt sich folgende Seite <a href=\"http:\/\/ahnenforschung.net\" target=\"_blank\" rel=\"noreferrer noopener\">Ahnenforschung.net<\/a><\/p>\n\n\n\n<p>in folgenden Vereinen bin ich Mitglied:<\/p>\n\n\n\n<p>hinsichtlich meiner Vorfahren aus Bessarabien bei der<a href=\"http:\/\/agoff.de\" target=\"_blank\" rel=\"noreferrer noopener\"> Arbeitsgemeinschaft Ostdeutscher Familienforscher<\/a><\/p>\n\n\n\n<p>und meiner mitteldeutschen Vorfahren bei der <a href=\"http:\/\/amf.de\" target=\"_blank\" rel=\"noreferrer noopener\">Arbeitsgemeinschaft Mitteldeutscher Familienforscher<\/a><\/p>\n\n\n\n<p>In unserer Familie wird einem besonderen Hobby nachgegangen, dem <a href=\"http:\/\/weinhaus-krause.de\" target=\"_blank\" rel=\"noreferrer noopener\">Weinbau,<\/a> schauen Sie doch einfach mal vorbei.<\/p>\n\n\n\n<p>&nbsp;&#8222;Wir\n haben auf unserer Homepage Links und Banner zu anderen Seiten gesetzt. \nF\u00fcr all diese Links und Banner auf unserer Homepage gilt: &#8222;Wir \ndistanzieren uns hiermit ausdr\u00fccklich von allen Inhalten s\u00e4mtlicher \ngelinkter Seiten und verweisen darauf, dass wir keinen Einfluss auf \nGestaltung und Inhalte der verlinkten Seiten haben.&#8220;<\/p>\n\n\n\n<p><\/p>\n","protected":false},"excerpt":{"rendered":"<p>Ich habe auf dieser Seite interessante Links f\u00fcr Sie zusammengestellt. So k\u00f6nnen Sie ganz entspannt surfen und sich zum Thema Ihrer Wahl noch umfassender informieren. Diese Links aktualisiere ich st\u00e4ndig, sodass Sie hier immer wieder den einen oder anderen zus\u00e4tzlichen Hinweis finden. Schauen Sie also einfach \u00f6fter mal vorbei &#8211; es lohnt sich! F\u00fcr genealogisch &hellip; <\/p>\n<p class=\"link-more\"><a href=\"https:\/\/ahnenforschung-krause.de\/?page_id=21\" class=\"more-link\"><span class=\"screen-reader-text\">\u201eLinks\u201c <\/span>weiterlesen<\/a><\/p>\n","protected":false},"author":1,"featured_media":0,"parent":0,"menu_order":0,"comment_status":"closed","ping_status":"closed","template":"","meta":{"footnotes":""},"class_list":["post-21","page","type-page","status-publish","hentry"],"_links":{"self":[{"href":"https:\/\/ahnenforschung-krause.de\/index.php?rest_route=\/wp\/v2\/pages\/21"}],"collection":[{"href":"https:\/\/ahnenforschung-krause.de\/index.php?rest_route=\/wp\/v2\/pages"}],"about":[{"href":"https:\/\/ahnenforschung-krause.de\/index.php?rest_route=\/wp\/v2\/types\/page"}],"author":[{"embeddable":true,"href":"https:\/\/ahnenforschung-krause.de\/index.php?rest_route=\/wp\/v2\/users\/1"}],"replies":[{"embeddable":true,"href":"https:\/\/ahnenforschung-krause.de\/index.php?rest_route=%2Fwp%2Fv2%2Fcomments&post=21"}],"version-history":[{"count":2,"href":"https:\/\/ahnenforschung-krause.de\/index.php?rest_route=\/wp\/v2\/pages\/21\/revisions"}],"predecessor-version":[{"id":66,"href":"https:\/\/ahnenforschung-krause.de\/index.php?rest_route=\/wp\/v2\/pages\/21\/revisions\/66"}],"wp:attachment":[{"href":"https:\/\/ahnenforschung-krause.de\/index.php?rest_route=%2Fwp%2Fv2%2Fmedia&parent=21"}],"curies":[{"name":"wp","href":"https:\/\/api.w.org\/{rel}","templated":true}]}}