{"id":68,"date":"2019-10-29T11:01:24","date_gmt":"2019-10-29T11:01:24","guid":{"rendered":"http:\/\/ahnenforschung-krause.de\/?page_id=68"},"modified":"2019-10-29T11:10:02","modified_gmt":"2019-10-29T11:10:02","slug":"home-2","status":"publish","type":"page","link":"https:\/\/ahnenforschung-krause.de\/?page_id=68","title":{"rendered":"Home"},"content":{"rendered":"\n<p>Sie brauchen kompetente Unterst\u00fctzung bei der Suche nach Ihren Vorfahren?<\/p>\n\n\n\n<p>Sie haben auf dem Dachboden alte Briefe in deutscher Schrift gefunden und k\u00f6nnen diese nicht lesen?<\/p>\n\n\n\n<p>Das\n alles muss kein Problem sein! Bei mir sind Sie mit solchen und vielen \nanderen Anliegen goldrichtig &#8211; und herzlich willkommen!<\/p>\n\n\n\n<p>ich freue \nmich \u00fcber Ihren Besuch auf meinen Internet-Seiten. Hier k\u00f6nnen Sie sich \neinen unverbindlichen \u00dcberblick \u00fcber mein Angebot verschaffen. St\u00f6bern \nSie ganz entspannt online und surfen Sie von Seite zu Seite.<\/p>\n\n\n\n<p>Selbstverst\u00e4ndlich\n stehe ich nicht nur virtuell sondern auch ganz reell zu Ihrer \nVerf\u00fcgung. Kontaktieren Sie mich doch einfach telefonisch (03643 \n7736052) oder per <a href=\"mailto:info@ahnenforschung-krause.de\" target=\"_blank\" rel=\"noreferrer noopener\">Email<\/a>. Ich finde bestimmt eine L\u00f6sung f\u00fcr Ihr Anliegen!<\/p>\n\n\n<p><!--EndFragment--><\/p>\n\n\n<p><\/p>\n","protected":false},"excerpt":{"rendered":"<p>Sie brauchen kompetente Unterst\u00fctzung bei der Suche nach Ihren Vorfahren? Sie haben auf dem Dachboden alte Briefe in deutscher Schrift gefunden und k\u00f6nnen diese nicht lesen? Das alles muss kein Problem sein! Bei mir sind Sie mit solchen und vielen anderen Anliegen goldrichtig &#8211; und herzlich willkommen! ich freue mich \u00fcber Ihren Besuch auf meinen &hellip; <\/p>\n<p class=\"link-more\"><a href=\"https:\/\/ahnenforschung-krause.de\/?page_id=68\" class=\"more-link\"><span class=\"screen-reader-text\">\u201eHome\u201c <\/span>weiterlesen<\/a><\/p>\n","protected":false},"author":1,"featured_media":0,"parent":0,"menu_order":0,"comment_status":"closed","ping_status":"closed","template":"","meta":{"footnotes":""},"class_list":["post-68","page","type-page","status-publish","hentry"],"_links":{"self":[{"href":"https:\/\/ahnenforschung-krause.de\/index.php?rest_route=\/wp\/v2\/pages\/68"}],"collection":[{"href":"https:\/\/ahnenforschung-krause.de\/index.php?rest_route=\/wp\/v2\/pages"}],"about":[{"href":"https:\/\/ahnenforschung-krause.de\/index.php?rest_route=\/wp\/v2\/types\/page"}],"author":[{"embeddable":true,"href":"https:\/\/ahnenforschung-krause.de\/index.php?rest_route=\/wp\/v2\/users\/1"}],"replies":[{"embeddable":true,"href":"https:\/\/ahnenforschung-krause.de\/index.php?rest_route=%2Fwp%2Fv2%2Fcomments&post=68"}],"version-history":[{"count":3,"href":"https:\/\/ahnenforschung-krause.de\/index.php?rest_route=\/wp\/v2\/pages\/68\/revisions"}],"predecessor-version":[{"id":79,"href":"https:\/\/ahnenforschung-krause.de\/index.php?rest_route=\/wp\/v2\/pages\/68\/revisions\/79"}],"wp:attachment":[{"href":"https:\/\/ahnenforschung-krause.de\/index.php?rest_route=%2Fwp%2Fv2%2Fmedia&parent=68"}],"curies":[{"name":"wp","href":"https:\/\/api.w.org\/{rel}","templated":true}]}}